{"id":3148,"date":"2021-05-18T10:12:37","date_gmt":"2021-05-18T08:12:37","guid":{"rendered":"https:\/\/mayrhofen.ultraks.com\/?page_id=3148"},"modified":"2024-07-15T10:37:57","modified_gmt":"2024-07-15T08:37:57","slug":"virtual-race","status":"publish","type":"page","link":"https:\/\/mayrhofen.ultraks.com\/en\/virtual-race\/","title":{"rendered":"Virtual Race"},"content":{"rendered":"\n<p><\/p>\n\n\n\n<h2 class=\"wp-block-heading\">Das Mayrhofen Ultraks &#8211; Virtual Race<\/h2>\n\n\n\n<p>Zwischen dem 4. &#8211; 6. Mai starten wir erneut das Mayrhofen Ultraks &#8211; Virtual Race. In diesem Zeitraum habt Ihr die M\u00f6glichkeit zu Hause zu laufen, Eure Zeit und ein Bild hochzuladen und tolle Preise zu gewinnen. <\/p>\n\n\n\n<p>Alle Informationen zur Anmeldung findet ihr <a href=\"https:\/\/time2win.at\/event\/203\">hier<\/a>.<\/p>\n\n\n\n<p>Nach dem ersten Versuch im letzten Jahr starten wir auch in diesem Jahr wieder gemeinsam mit Euch und unserem Virtual Race in die Trail Saison! Zwischen dem 04. und 06. Juni k\u00f6nnt ihr mitmachen und bei euch zu Hause eine Wunschdistanz laufen!<\/p>\n\n\n\n<p>Was ihr daf\u00fcr machen m\u00fcsst?! Einfach kostenfrei anmelden und zu Hause Laufen.<br>Lauft eure gew\u00fcnschte Distanz in eurer heimischen Umgebung und gewinnt tolle Preise<\/p>\n\n\n\n<p><\/p>\n\n\n\n<h3 class=\"wp-block-heading\">So funktioniert&#8217;s!<\/h3>\n\n\n\n<p><\/p>\n\n\n\n\t<div id=\"block_60a289c4c03bb\" class=\"wp-block-hotspots  \">\n\t\t<div class=\"wp-block-hotspots__inner-container\">\n\t\t\t\n\t\t\t\t\t\t\t\t\t\t\t\t\n\t\t\t\t\t\t\t<div class=\"owl-carousel owl-theme slider-stage\">\t\t\t\n\t\t\t\t\t\t\t\t\t\t\t<div class=\"slide\">\n\t\t\t\t\t\t\t\t\t\t\t\t\t\t\n\t\t\t\t\t\t\t<div class=\"flex-wrapper\">\n\t\t\t\t\t\t\t\t<div class=\"inner\">\n\t\t\t\t\t\t\t\t\t\t\t\t\t\t\t\t\t\t\t<h3 class=\"title\">Kostenfrei anmelden<\/h3>\n\t\t\t\t\t\t\t\t\t\t\t\t\t\t\t\t\t\t\n\t\t\t\t\t\t\t\t\t\t\t\t\t\t\t\t\t\t\n\t\t\t\t\t\t\t\t\t\t\t\t\t\t\t\t\t<\/div>\n\t\t\t\t\t\t\t<\/div>\n\t\t\t\t\t\t<\/div>\n\t\t\t\t\t\t\t\t\t\t\t<div class=\"slide\">\n\t\t\t\t\t\t\t\t\t\t\t\t\t\t\n\t\t\t\t\t\t\t<div class=\"flex-wrapper\">\n\t\t\t\t\t\t\t\t<div class=\"inner\">\n\t\t\t\t\t\t\t\t\t\t\t\t\t\t\t\t\t\t\t<h3 class=\"title\">Wunschdistanz w\u00e4hlen<\/h3>\n\t\t\t\t\t\t\t\t\t\t\t\t\t\t\t\t\t\t\n\t\t\t\t\t\t\t\t\t\t\t\t\t\t\t\t\t\t\n\t\t\t\t\t\t\t\t\t\t\t\t\t\t\t\t\t<\/div>\n\t\t\t\t\t\t\t<\/div>\n\t\t\t\t\t\t<\/div>\n\t\t\t\t\t\t\t\t\t\t\t<div class=\"slide\">\n\t\t\t\t\t\t\t\t\t\t\t\t\t\t\t<div class=\"bg-image bg-image-7-9\" style=\"background-image: url(https:\/\/mayrhofen.ultraks.com\/wp-content\/uploads\/2021\/05\/mayrhofenultraks2020_c-philipp-reiter-10-1024x682.jpg);\"><\/div>\n\t\t\t\t\t\t\t\t\t\t\t\t\t\t\n\t\t\t\t\t\t\t<div class=\"flex-wrapper\">\n\t\t\t\t\t\t\t\t<div class=\"inner\">\n\t\t\t\t\t\t\t\t\t\t\t\t\t\t\t\t\t\t\t<h3 class=\"title\">Startnummer ausdrucken<\/h3>\n\t\t\t\t\t\t\t\t\t\t\t\t\t\t\t\t\t\t\n\t\t\t\t\t\t\t\t\t\t\t\t\t\t\t\t\t\t\n\t\t\t\t\t\t\t\t\t\t\t\t\t\t\t\t\t<\/div>\n\t\t\t\t\t\t\t<\/div>\n\t\t\t\t\t\t<\/div>\n\t\t\t\t\t\t\t\t\t\t\t<div class=\"slide\">\n\t\t\t\t\t\t\t\t\t\t\t\t\t\t\t<div class=\"bg-image bg-image-7-9\" style=\"background-image: url(https:\/\/mayrhofen.ultraks.com\/wp-content\/uploads\/2021\/05\/mayrhofenultraks2020_c-philipp-reiter-293-1024x682.jpg);\"><\/div>\n\t\t\t\t\t\t\t\t\t\t\t\t\t\t\n\t\t\t\t\t\t\t<div class=\"flex-wrapper\">\n\t\t\t\t\t\t\t\t<div class=\"inner\">\n\t\t\t\t\t\t\t\t\t\t\t\t\t\t\t\t\t\t\t<h3 class=\"title\">Zu Hause laufen<\/h3>\n\t\t\t\t\t\t\t\t\t\t\t\t\t\t\t\t\t\t\n\t\t\t\t\t\t\t\t\t\t\t\t\t\t\t\t\t\t\n\t\t\t\t\t\t\t\t\t\t\t\t\t\t\t\t\t<\/div>\n\t\t\t\t\t\t\t<\/div>\n\t\t\t\t\t\t<\/div>\n\t\t\t\t\t\t\t\t\t\t\t<div class=\"slide\">\n\t\t\t\t\t\t\t\t\t\t\t\t\t\t\t<div class=\"bg-image bg-image-7-9\" style=\"background-image: url(https:\/\/mayrhofen.ultraks.com\/wp-content\/uploads\/2021\/05\/mayrhofenultraks2020_c-philipp-reiter-39-1024x682.jpg);\"><\/div>\n\t\t\t\t\t\t\t\t\t\t\t\t\t\t\n\t\t\t\t\t\t\t<div class=\"flex-wrapper\">\n\t\t\t\t\t\t\t\t<div class=\"inner\">\n\t\t\t\t\t\t\t\t\t\t\t\t\t\t\t\t\t\t\t<h3 class=\"title\">Zeit hochladen<\/h3>\n\t\t\t\t\t\t\t\t\t\t\t\t\t\t\t\t\t\t\n\t\t\t\t\t\t\t\t\t\t\t\t\t\t\t\t\t\t\n\t\t\t\t\t\t\t\t\t\t\t\t\t\t\t\t\t<\/div>\n\t\t\t\t\t\t\t<\/div>\n\t\t\t\t\t\t<\/div>\n\t\t\t\t\t\t\t\t\t\t\t<div class=\"slide\">\n\t\t\t\t\t\t\t\t\t\t\t\t\t\t\t<div class=\"bg-image bg-image-7-9\" style=\"background-image: url(https:\/\/mayrhofen.ultraks.com\/wp-content\/uploads\/2021\/05\/20200912-siegerehrungen-mayrhofen-4-1024x683.jpg);\"><\/div>\n\t\t\t\t\t\t\t\t\t\t\t\t\t\t\n\t\t\t\t\t\t\t<div class=\"flex-wrapper\">\n\t\t\t\t\t\t\t\t<div class=\"inner\">\n\t\t\t\t\t\t\t\t\t\t\t\t\t\t\t\t\t\t\t<h3 class=\"title\">Tolle Preise gewinnen<\/h3>\n\t\t\t\t\t\t\t\t\t\t\t\t\t\t\t\t\t\t\n\t\t\t\t\t\t\t\t\t\t\t\t\t\t\t\t\t\t\n\t\t\t\t\t\t\t\t\t\t\t\t\t\t\t\t\t<\/div>\n\t\t\t\t\t\t\t<\/div>\n\t\t\t\t\t\t<\/div>\n\t\t\t\t\t\t\t\t\t<\/div>\n\t\t\t\t\n\t\t\t\t\t\t\t\t\t\t\t\t\t\t\t\t\n\t\t\t\t\t\t\t\t\t<script type='text\/javascript' charset='utf-8'>\n\t\t\t\t\t\tjQuery('document').ready(function($) {\t\t\t\t\t\t\t\n\t\t\t\t\t\t\tvar $owl = $('.wp-block-hotspots .slider-stage').owlCarousel({\n\t\t\t\t\t\t\t\titems: 1,\n\t\t\t\t\t\t\t\tdots: true,\n\t\t\t\t\t\t\t\tnav: false,\n\t\t\t\t\t\t\t\tnavText: ['<i class=\"fal fa-angle-left\">', '<i class=\"fal fa-angle-right\">'],\n\t\t\t\t\t\t\t\tloop: false,\n\t\t\t\t\t\t\t\tautoplay: false,\n\t\t\t\t\t\t\t\tautoplayTimeout: 5000,\n\t\t\t\t\t\t\t\tanimateIn: 'fadeIn',\n\t\t\t\t\t\t\t\tanimateOut: 'fadeOut',\n\t\t\t\t\t\t\t\tresponsive: {\n\t\t\t\t\t\t\t\t\t0 : {\n\t\t\t\t\t\t\t\t\t\titems: 1,\n\t\t\t\t\t\t\t\t\t},\n\t\t\t\t\t\t\t\t\t640 : {\n\t\t\t\t\t\t\t\t\t\titems: 3,\n\t\t\t\t\t\t\t\t\t},\n\t\t\t\t\t\t\t\t\t920 : {\n\t\t\t\t\t\t\t\t\t\titems: 4,\n\t\t\t\t\t\t\t\t\t},\n\t\t\t\t\t\t\t\t\t1200 : {\n\t\t\t\t\t\t\t\t\t\titems: 6,\n\t\t\t\t\t\t\t\t\t}\n\t\t\t\t\t\t\t\t}\n\t\t\t\t\t\t\t});\n\t\t\t\t\t\t\t\n\t\t\t\t\t\t});\n\t\t\t\t\t<\/script>\n\t\t\t\t\t\t\t\t\t\n\t\t<\/div>\n\t<\/div>\n\n\n\n<p><\/p>\n\n\n\n<p><\/p>\n\n\n\n<p><\/p>\n\n\n\n<ol class=\"wp-block-list\"><li>Auf der <a href=\"https:\/\/time2win.at\/event\/203\">Seite<\/a> unseres Partners Time2Win kostenfrei anmelden<\/li><li>Strecke ausw\u00e4hlen \u2013 alle Ultraks Distanzen sind frei w\u00e4hlbar<\/li><li>Ihr erhaltet eure Startnummer zum Ausdrucken<\/li><li>Zwischen dem 04. und 06. Juni laufen und den Lauf mit eurer Uhr oder einer App tracken<\/li><li>Nach dem Lauf eure Zeit und ein Beweisfoto oder Screenshot (Uhr oder App) hochladen und schon seid ihr im Ranking gelistet<\/li><li>Teilnehmerurkunde ausdrucken<\/li><\/ol>\n\n\n\n<p>Anmelden k\u00f6nnt ihr euch bis zum 04. Juni. Eure Laufzeit k\u00f6nnt ihr zwischen dem 04. und 06. Juni (bis 23 Uhr) einreichen.<\/p>\n\n\n\n<p>Kommuniziert auch gerne in der Community \u00fcber <a href=\"https:\/\/www.facebook.com\/MayrhofenUltraksZillertal\">Facebook<\/a> und <a href=\"https:\/\/www.instagram.com\/mayrhofenultraksofficial\/\">Instagram<\/a>. Wir teilen Eure Beitr\u00e4ge unter dem #MUZVirtual<\/p>\n\n\n\n<p>Ihr k\u00f6nnt alle unsere Ultraks-Distanzen laufen:<\/p>\n\n\n\n<ul class=\"wp-block-list\"><li>Sprint&nbsp; &nbsp; &nbsp; &nbsp; &nbsp; &nbsp; &nbsp; &nbsp; &nbsp; &nbsp; &nbsp; &nbsp; 7 KM<\/li><li>Short&nbsp; &nbsp; &nbsp; &nbsp; &nbsp; &nbsp; &nbsp; &nbsp; &nbsp; &nbsp; 14,5 KM<\/li><li>Middle&nbsp;&nbsp; &nbsp; &nbsp; &nbsp; &nbsp; &nbsp; &nbsp; &nbsp; &nbsp; &nbsp; 30 KM<\/li><li>Long&nbsp; &nbsp; &nbsp; &nbsp; &nbsp; &nbsp; &nbsp; &nbsp; &nbsp; &nbsp; &nbsp; &nbsp; 50 KM<\/li><\/ul>\n\n\n\n<h3 class=\"wp-block-heading\"><strong>Das Besondere: Nicht die besten Zeiten gewinnen \u2013 Wir verlosen unter allen Teilnehmern folgende Gewinne:<\/strong><\/h3>\n\n\n\n<ul class=\"wp-block-list\"><li>Ein Paar Laufschuhe unseres Partners Salomon<\/li><li>Ein Running-Outfit unseres Partners Salomon<\/li><li>2 Startpl\u00e4tze f\u00fcr die Mayrhofen Ultraks am 11.9.2021&nbsp;f\u00fcr die Strecke Eurer Wahl<\/li><li>2 Hotel\u00fcbernachtungen f\u00fcr einen Kurzurlaub in Mayrhofen w\u00e4hrend der Mayrhofen Ultraks<\/li><\/ul>\n\n\n\n<figure class=\"wp-block-video\"><video height=\"816\" style=\"aspect-ratio: 1920 \/ 816;\" width=\"1920\" controls src=\"https:\/\/mayrhofen.ultraks.com\/wp-content\/uploads\/2020\/09\/ultraks_highlightclip-v02.mov\"><\/video><\/figure>\n\n\n\n<p><\/p>\n","protected":false},"excerpt":{"rendered":"Das Mayrhofen Ultraks &#8211; Virtual Race Zwischen dem 4. &#8211; 6. Mai starten wir erneut das Mayrhofen Ultraks &#8211; Virtual Race. In diesem Zeitraum habt Ihr die M\u00f6glichkeit zu Hause zu laufen, Eure Zeit und ein Bild hochzuladen und tolle Preise zu gewinnen. Alle Informationen zur Anmeldung findet ihr hier. Nach dem ersten Versuch im","protected":false},"author":5,"featured_media":3191,"parent":0,"menu_order":36,"comment_status":"closed","ping_status":"closed","template":"","meta":{"_acf_changed":false,"_monsterinsights_skip_tracking":false,"_monsterinsights_sitenote_active":false,"_monsterinsights_sitenote_note":"","_monsterinsights_sitenote_category":0,"footnotes":""},"class_list":["post post-type-page post-view- post-scope-","status-publish","has-post-thumbnail","clear"],"acf":[],"_links":{"self":[{"href":"https:\/\/mayrhofen.ultraks.com\/en\/wp-json\/wp\/v2\/pages\/3148","targetHints":{"allow":["GET"]}}],"collection":[{"href":"https:\/\/mayrhofen.ultraks.com\/en\/wp-json\/wp\/v2\/pages"}],"about":[{"href":"https:\/\/mayrhofen.ultraks.com\/en\/wp-json\/wp\/v2\/types\/page"}],"author":[{"embeddable":true,"href":"https:\/\/mayrhofen.ultraks.com\/en\/wp-json\/wp\/v2\/users\/5"}],"replies":[{"embeddable":true,"href":"https:\/\/mayrhofen.ultraks.com\/en\/wp-json\/wp\/v2\/comments?post=3148"}],"version-history":[{"count":1,"href":"https:\/\/mayrhofen.ultraks.com\/en\/wp-json\/wp\/v2\/pages\/3148\/revisions"}],"predecessor-version":[{"id":3149,"href":"https:\/\/mayrhofen.ultraks.com\/en\/wp-json\/wp\/v2\/pages\/3148\/revisions\/3149"}],"wp:featuredmedia":[{"embeddable":true,"href":"https:\/\/mayrhofen.ultraks.com\/en\/wp-json\/wp\/v2\/media\/3191"}],"wp:attachment":[{"href":"https:\/\/mayrhofen.ultraks.com\/en\/wp-json\/wp\/v2\/media?parent=3148"}],"curies":[{"name":"wp","href":"https:\/\/api.w.org\/{rel}","templated":true}]}}